{"id":121,"date":"2012-11-24T14:48:09","date_gmt":"2012-11-24T13:48:09","guid":{"rendered":"http:\/\/www.projekt-deine-zukunft.de\/?page_id=121"},"modified":"2012-11-24T14:55:44","modified_gmt":"2012-11-24T13:55:44","slug":"weichen-im-selbstbau-spur-n","status":"publish","type":"page","link":"http:\/\/www.projekt-deine-zukunft.de\/?page_id=121","title":{"rendered":"Weichen im Selbstbau Spur N"},"content":{"rendered":"<p>Weichen selber bauen. Kaufen kann jeder, beim Modellbau geht es oft darum selber eine L\u00f6sung f\u00fcr ein Problem zu finden.<\/p>\n<p>Ein Punkt bei &#8216;Normalen&#8217;-Weichen in Spur N ist das Gelenk am Ende der Weichenzunge. Im praktischen Einsatz auf unserer Klubanlage zeigt sich immer wieder das die Kontakte bzw. die Sicherheit bei der Strom\u00fcbertragung nicht so ist, wie wir es w\u00fcnschen.<\/p>\n<p><a href=\"http:\/\/www.projekt-deine-zukunft.de\/wp-content\/uploads\/2012\/11\/Bild09.png\"><img decoding=\"async\" loading=\"lazy\" class=\"alignleft size-medium wp-image-120\" title=\"Gesamt Ansicht Perspektive\" src=\"http:\/\/www.projekt-deine-zukunft.de\/wp-content\/uploads\/2012\/11\/Bild09-111x300.png\" alt=\"\" width=\"111\" height=\"300\" srcset=\"http:\/\/www.projekt-deine-zukunft.de\/wp-content\/uploads\/2012\/11\/Bild09-111x300.png 111w, http:\/\/www.projekt-deine-zukunft.de\/wp-content\/uploads\/2012\/11\/Bild09.png 227w\" sizes=\"(max-width: 111px) 100vw, 111px\" \/><\/a> Also hab ich mal meine Kramkiste auf den Kopf gestellt. Zum Vorschein kam, ein St\u00fcck Leiterplattenmaterial. Einseitig Kupfer beschichtet, aus 2mm Pertinax. Dann noch ein paar alte St\u00fccken PECO Felxgleis (Code 55).<\/p>\n<p>Also Code 55 ist nun nicht die erste Wahl beim Selbstbau aber, es muss ja schlie\u00dflich in die Anlage passen.<\/p>\n<p>Zur Vorbereitung hab ich mal etwas im weltweiten Netz gest\u00f6bert und einige interessante Seiten gefunden. Ein meiner wichtigsten Anlaufstellen ist die Seite von Ismael Sailer,\u00a0 <a title=\"www.1zu160.net\" href=\"http:\/\/www.1zu160.net\" target=\"_blank\">http:\/\/www.1zu160.net<\/a> dort habe ich auch schon einen Artikel zu diesem Thema ver\u00f6ffentlicht. Hier der <a title=\"Link\" href=\"http:\/\/www.1zu160.net\/scripte\/forum\/forum_show.php?id=654280&amp;sb1=Weichen%20selbstbau#\" target=\"_blank\">Link<\/a> zu diesem Artikel.<\/p>\n<p>So, nach der theoretischen Vorbereitung habe ich die kleine Tischkreiss\u00e4ge ausgepackt. Erstmal einen Schwung Schwellen s\u00e4gen. Im ersten Versuch sind die leider etwas zu breit geworden. 2mm breite h\u00e4tten besser 1,6mm sein sollen. Naja beim n\u00e4chsten mal hab ich es besser hinbekommen.<\/p>\n<p>Am PC habe ich die technische Zeichnung f\u00fcr die Weiche angelegt. (Der Link dazu kommt noch.) Diesen Plan habe ich f\u00fcr die Montage auf ein Sperrholzbrettchen geklebt.<\/p>\n<p>Dort kommen die Schwellen mit einem kleinen Punkt Wei\u00dfleim drauf. Nach dem trocknen kann nun begonnen werden die Schienen mit der Hilfe von Stahllineal, Spurlehre und Me\u00dfschieber aufgel\u00f6tet. Das Thema l\u00f6ten werde ich nochmal gesondert beschreiben.<\/p>\n<p><a href=\"http:\/\/www.projekt-deine-zukunft.de\/wp-content\/uploads\/2012\/11\/Bild06.png\"><img decoding=\"async\" loading=\"lazy\" class=\"alignleft size-medium wp-image-118\" title=\"Detail Eingang\" src=\"http:\/\/www.projekt-deine-zukunft.de\/wp-content\/uploads\/2012\/11\/Bild06-300x94.png\" alt=\"\" width=\"300\" height=\"94\" srcset=\"http:\/\/www.projekt-deine-zukunft.de\/wp-content\/uploads\/2012\/11\/Bild06-300x94.png 300w, http:\/\/www.projekt-deine-zukunft.de\/wp-content\/uploads\/2012\/11\/Bild06.png 711w\" sizes=\"(max-width: 300px) 100vw, 300px\" \/><\/a>Beim anpassen der Zungenschienen ist etwas Geschick gefragt. Ich selbst habe eine Weile gefrickelt bis es passte. Aber wir sind ja bei ersten Versuch. Durch die Zeichnung, die man ja durch die Schwellen durch sieht, k\u00f6nnen die gebogenen Gleise sehr gut verlegt und mit L\u00f6tzinn angeheftet werden. Mit dem Spurma\u00df wird immer wieder der Gleisabstand gepr\u00fcft.<\/p>\n<p><a href=\"http:\/\/www.projekt-deine-zukunft.de\/wp-content\/uploads\/2012\/11\/Bild07.png\"><img decoding=\"async\" loading=\"lazy\" class=\"alignright size-medium wp-image-119\" title=\"Detail Ausgang\" src=\"http:\/\/www.projekt-deine-zukunft.de\/wp-content\/uploads\/2012\/11\/Bild07-300x112.png\" alt=\"\" width=\"300\" height=\"112\" srcset=\"http:\/\/www.projekt-deine-zukunft.de\/wp-content\/uploads\/2012\/11\/Bild07-300x112.png 300w, http:\/\/www.projekt-deine-zukunft.de\/wp-content\/uploads\/2012\/11\/Bild07.png 658w\" sizes=\"(max-width: 300px) 100vw, 300px\" \/><\/a>Der Weichenausgang ist etwas kniffliger. Aber mit etwas technischem Verst\u00e4ndnis bekommt man das gut in den Griff. Die Zungen, das Herzst\u00fcck und die Radlenker werden befestigt. Auch hier muss immer wieder mit der Spurlehre gepr\u00fcft werden.<\/p>\n<p>Nach dem aufl\u00f6ten der einzelnen Gleisst\u00fccke m\u00fcssen die Kupferfl\u00e4chen, auf die keine Gleise gel\u00f6tet werden, vom Kupfer befreit werden. Vorsichtige mit dem Dremel die Kupferschicht abschleifen.<\/p>\n<p><a href=\"http:\/\/www.projekt-deine-zukunft.de\/wp-content\/uploads\/2012\/11\/Bild01.png\"><img decoding=\"async\" loading=\"lazy\" class=\"aligncenter size-full wp-image-117\" title=\"Gesamt Ansicht oben\" src=\"http:\/\/www.projekt-deine-zukunft.de\/wp-content\/uploads\/2012\/11\/Bild01.png\" alt=\"\" width=\"723\" height=\"215\" srcset=\"http:\/\/www.projekt-deine-zukunft.de\/wp-content\/uploads\/2012\/11\/Bild01.png 723w, http:\/\/www.projekt-deine-zukunft.de\/wp-content\/uploads\/2012\/11\/Bild01-300x89.png 300w\" sizes=\"(max-width: 723px) 100vw, 723px\" \/><\/a><\/p>\n","protected":false},"excerpt":{"rendered":"<p>Weichen selber bauen. Kaufen kann jeder, beim Modellbau geht es oft darum selber eine L\u00f6sung f\u00fcr ein Problem zu finden. Ein Punkt bei &#8216;Normalen&#8217;-Weichen in Spur N ist das Gelenk am Ende der Weichenzunge. Im praktischen Einsatz auf unserer Klubanlage zeigt sich immer wieder das die Kontakte bzw. die Sicherheit bei der Strom\u00fcbertragung nicht so [&hellip;]<\/p>\n","protected":false},"author":1,"featured_media":0,"parent":36,"menu_order":0,"comment_status":"closed","ping_status":"closed","template":"","meta":[],"_links":{"self":[{"href":"http:\/\/www.projekt-deine-zukunft.de\/index.php?rest_route=\/wp\/v2\/pages\/121"}],"collection":[{"href":"http:\/\/www.projekt-deine-zukunft.de\/index.php?rest_route=\/wp\/v2\/pages"}],"about":[{"href":"http:\/\/www.projekt-deine-zukunft.de\/index.php?rest_route=\/wp\/v2\/types\/page"}],"author":[{"embeddable":true,"href":"http:\/\/www.projekt-deine-zukunft.de\/index.php?rest_route=\/wp\/v2\/users\/1"}],"replies":[{"embeddable":true,"href":"http:\/\/www.projekt-deine-zukunft.de\/index.php?rest_route=%2Fwp%2Fv2%2Fcomments&post=121"}],"version-history":[{"count":14,"href":"http:\/\/www.projekt-deine-zukunft.de\/index.php?rest_route=\/wp\/v2\/pages\/121\/revisions"}],"predecessor-version":[{"id":137,"href":"http:\/\/www.projekt-deine-zukunft.de\/index.php?rest_route=\/wp\/v2\/pages\/121\/revisions\/137"}],"up":[{"embeddable":true,"href":"http:\/\/www.projekt-deine-zukunft.de\/index.php?rest_route=\/wp\/v2\/pages\/36"}],"wp:attachment":[{"href":"http:\/\/www.projekt-deine-zukunft.de\/index.php?rest_route=%2Fwp%2Fv2%2Fmedia&parent=121"}],"curies":[{"name":"wp","href":"https:\/\/api.w.org\/{rel}","templated":true}]}}