{"id":143,"date":"2012-12-04T12:20:13","date_gmt":"2012-12-04T11:20:13","guid":{"rendered":"http:\/\/www.projekt-deine-zukunft.de\/?page_id=143"},"modified":"2012-12-06T18:58:18","modified_gmt":"2012-12-06T17:58:18","slug":"raspberry-pi","status":"publish","type":"page","link":"http:\/\/www.projekt-deine-zukunft.de\/?page_id=143","title":{"rendered":"Raspberry Pi"},"content":{"rendered":"<p>Seit einigen Tagen bin auch ich im Besitz einer solchen Himbeere. Es hat eine Ewigkeit gedauert aber endlich kann ich richtig loslegen.<a href=\"http:\/\/www.projekt-deine-zukunft.de\/wp-content\/uploads\/2012\/12\/view02.jpg\"><img decoding=\"async\" loading=\"lazy\" class=\"alignright size-medium wp-image-184\" title=\"view02\" src=\"http:\/\/www.projekt-deine-zukunft.de\/wp-content\/uploads\/2012\/12\/view02-228x300.jpg\" alt=\"\" width=\"228\" height=\"300\" srcset=\"http:\/\/www.projekt-deine-zukunft.de\/wp-content\/uploads\/2012\/12\/view02-228x300.jpg 228w, http:\/\/www.projekt-deine-zukunft.de\/wp-content\/uploads\/2012\/12\/view02.jpg 609w\" sizes=\"(max-width: 228px) 100vw, 228px\" \/><\/a><\/p>\n<p>Also erstmal ein paar technische Daten:<\/p>\n<ul>\n<li>Raspberry Pi Version B mit 512 MB RAM<\/li>\n<li>Speicherkarte 16 GB Class 6<\/li>\n<li>&#8230;<\/li>\n<\/ul>\n<p>Die Himbeere mit Tastatur und Maus (warum eigentlich ?), Netzwerk und HDMI-Display verbunden. Stecker noch nicht rein \ud83d\ude42<\/p>\n<p>Als System habe ich mir von <a title=\"RaspberryPi.org\" href=\"http:\/\/www.raspberrypi.org\/\" target=\"_blank\">http:\/\/www.raspberrypi.org\/<\/a>das aktuelle Raspian &#8220;wheezy&#8221; geladen. Da mein SD-Card Ger\u00e4t an einer Windows Kiste rumh\u00e4ngt und ich dort auch schon den <tt>win32diskimager<\/tt> drauf hatte, habe ich das wheezy-Image dort auf die SD Karte geb\u00fcgelt. Zwei Klicks, etwas warten und fertig.<\/p>\n<p>Jetzt die vorbereitete SD Karte in die Himbeere, Power on und gucken&#8230;<\/p>\n<p>Ja da bootet ein unixoides Betriebssystem \ud83d\ude42 Dann das erste Login und Fehler beim anmelden&#8230; ja wir haben erstmal nur ein amerikanisches Tastatur Layout. Also ist das Passwort nicht &#8220;raspberry&#8221; sondern &#8220;raspberrz&#8221;. Das Layout kennen wir ja noch von fr\u00fcher. Also kein Problem.<\/p>\n<p>Erfolgreich angemeldet und jetzt wird erstmal das System richtig konfiguriert. Beim ersten Start startet automatisch das<strong> raspi-config<\/strong> Script. Ansonsten l\u00e4sst es sich jederzeit mit <strong>sudo raspi-config<\/strong> aus der Konsole starten.<\/p>\n<p>Ich hab als erstes mal die SD-Karte &#8220;aufgebohrt&#8221;. Nach dem beschreiben mit der Image-Datei wurde eine kleine Boot-Partition, die root und swap Partition angelegt. Aber das Image geht von einer 2GB Speicherkarte aus. Ich will die vollen 16GB, also <strong>expand_rootfs<\/strong> geht sehr schnell. Dann mit <strong>tab<\/strong> das Config-Script erstmal verlassen und neu starten <strong>sudo reboot<\/strong>.<\/p>\n<p>Siehe da, das Erweitern der Partition geht jetzt erst richtig los&#8230; warten wir also etwas&#8230; dauert ganz sch\u00f6n lange&#8230;<\/p>\n<p>Okay hat funktioniert, weiter mit dem <strong>sudo raspi-config<\/strong>. Gut configure_keyboard, change_locale, change_timezone, und ssh_server Enable.<\/p>\n<p>Jetzt noch das Netzwerk einrichten, ich arbeite nicht mit DHCP.<\/p>\n<p>In der Datei <em>\/etc\/network\/interfaces<\/em> steht erstmal sowas:<\/p>\n<div class=\"meinetextbox\">\n<div class=\"meinetextbox_title\">pi@raspberrypi:sudo vi \/etc\/network\/interfaces<\/div>\n<div class=\"meinetextbox_inhalt\">\nauto eth0<br \/>\niface eth0 inet dhcp\n<\/div>\n<\/div>\n<p>Das habe ich umgeschrieben <em>sudo vi \/etc\/network\/interfaces<\/em> auf:<\/p>\n<div class=\"meinetextbox\">\n<div class=\"meinetextbox_title\">pi@raspberrypi:sudo vi \/etc\/network\/interfaces<\/div>\n<div class=\"meinetextbox_inhalt\">\niface eth0 inet static<br \/>\naddress 192.168.16.66<br \/>\nnetmask 255.255.255.0<br \/>\ngateway 192.168.16.16<br \/>\ndns-nameservers 192.168.16.16 8.8.8.8 8.8.4.4\n<\/div>\n<\/div>\n<p><em>Diese IP-Adressen passen zu meinem Netz! Wer das ab tippt sollte sich \u00fcber seine Adressen informieren!<\/em><\/p>\n<p>Jetzt h\u00e4tte ich mit <strong>\/etc\/init.d\/networking restart<\/strong> und <strong>ifconfig eth0 down<\/strong> usw. die ganze Netzwerkmaschinerie neu starten k\u00f6nnen. Aber ein reboot tut&#8217;s auch \ud83d\ude42<\/p>\n<p>So, das funktioniert alles wunderbar, dann k\u00f6nnen wir jetzt erstmal ein wenig aktualisieren und ein paar f\u00fcr mich n\u00fctzliche Werkzeuge installieren. Also <strong>sudo apt-get update<\/strong> und warten&#8230; okay jetzt <strong>sudo apt-get upgrade<\/strong> ein bisschen l\u00e4nger warten&#8230; okay.<\/p>\n<p>Ich hab mit noch den mc installiert <strong>sudo apt-get install mc<\/strong> und noch ein paar andere Tools, die beschreibe ich sp\u00e4ter.<\/p>\n<p>Die Maschine l\u00e4uft!<\/p>\n","protected":false},"excerpt":{"rendered":"<p>Seit einigen Tagen bin auch ich im Besitz einer solchen Himbeere. Es hat eine Ewigkeit gedauert aber endlich kann ich richtig loslegen. Also erstmal ein paar technische Daten: Raspberry Pi Version B mit 512 MB RAM Speicherkarte 16 GB Class 6 &#8230; Die Himbeere mit Tastatur und Maus (warum eigentlich ?), Netzwerk und HDMI-Display verbunden. [&hellip;]<\/p>\n","protected":false},"author":1,"featured_media":0,"parent":0,"menu_order":0,"comment_status":"closed","ping_status":"closed","template":"","meta":[],"_links":{"self":[{"href":"http:\/\/www.projekt-deine-zukunft.de\/index.php?rest_route=\/wp\/v2\/pages\/143"}],"collection":[{"href":"http:\/\/www.projekt-deine-zukunft.de\/index.php?rest_route=\/wp\/v2\/pages"}],"about":[{"href":"http:\/\/www.projekt-deine-zukunft.de\/index.php?rest_route=\/wp\/v2\/types\/page"}],"author":[{"embeddable":true,"href":"http:\/\/www.projekt-deine-zukunft.de\/index.php?rest_route=\/wp\/v2\/users\/1"}],"replies":[{"embeddable":true,"href":"http:\/\/www.projekt-deine-zukunft.de\/index.php?rest_route=%2Fwp%2Fv2%2Fcomments&post=143"}],"version-history":[{"count":30,"href":"http:\/\/www.projekt-deine-zukunft.de\/index.php?rest_route=\/wp\/v2\/pages\/143\/revisions"}],"predecessor-version":[{"id":176,"href":"http:\/\/www.projekt-deine-zukunft.de\/index.php?rest_route=\/wp\/v2\/pages\/143\/revisions\/176"}],"wp:attachment":[{"href":"http:\/\/www.projekt-deine-zukunft.de\/index.php?rest_route=%2Fwp%2Fv2%2Fmedia&parent=143"}],"curies":[{"name":"wp","href":"https:\/\/api.w.org\/{rel}","templated":true}]}}