{"id":242,"date":"2013-08-19T17:44:09","date_gmt":"2013-08-19T15:44:09","guid":{"rendered":"http:\/\/www.projekt-deine-zukunft.de\/?page_id=242"},"modified":"2017-02-17T11:23:16","modified_gmt":"2017-02-17T10:23:16","slug":"programmierung","status":"publish","type":"page","link":"http:\/\/www.projekt-deine-zukunft.de\/?page_id=242","title":{"rendered":"Programmierung"},"content":{"rendered":"<p>Ich liste jetzt erst einmal die Programmiersprachen auf, mit deren Hilfe ich bisher verschiedene Softwareprojekte realisiert habe.<br \/>\n<b>Mikrocontroller<\/b><\/p>\n<ul>\n<li>80c51; Assembler, Pascal, ANSI-C<\/li>\n<li>AVR-Risc; Assembler, ANSI-C<\/li>\n<li>Arduino (div)<\/li>\n<\/ul>\n<p><b>PC-Systeme (unter DOS, Windows, Linux)<\/b><\/p>\n<ul>\n<li>Assembler, ANSI-C, C++, C#<\/li>\n<li>Perl, PHP<\/li>\n<\/ul>\n<p><b>Web<\/b><\/p>\n<ul>\n<li>Perl, PHP<\/li>\n<li>auch (HTML4, HTML5, CSS) obwohl das keine Programmiersprachen sind \ud83d\ude42<\/li>\n<\/ul>\n<p><b>Datenbanken<\/b><\/p>\n<ul>\n<li>SQL und Derivate<\/li>\n<\/ul>\n<p>Anhand der Liste erkennt man, das ich aus der Hardware-Ecke komme. Diesen Bezug habe ich mir \u00fcber die Jahre erhalten und heute hat immer mehr Elektronik ein Gehirn. Au\u00dferdem reden diese Systemen auch in gr\u00f6\u00dferen Netzwerken und mit Servern oder anderen Maschinen. Genau das ist mein Thema.<\/p>\n<p>Einige Beispiele die ich bisher erfolgreich umgesetzt habe sind; Senorennetzwerke Mashnet, Datenerfassung Kalkulation Datenbankmanagement und die Visualisierung der Daten auf den Clients.<\/p>\n<p>1.) Eines meiner ersten Projekte war; Entwicklung von einem \u00dcbersetzungsger\u00e4t zwischen Lochstreifen und Lochkarten. Oh ja, so alt bin ich schon \ud83d\ude41 Also seinerzeit wurden die Daten noch nicht perUSB-Stick hin und her getragen. Es gab Lochkarten die bei den Programmieren sehr beliebt waren. Man konnte sie gut lesen und die Leute schleppten sie in Kisten und K\u00e4sten durch die Gegend. Wenn man die Kiste hat fallen lassen war man lange mit sortieren besch\u00e4ftigt. Viele Maschinen verarbeiteten Lochstreifen. Die Kunden wollten ein Ger\u00e4te was von dem einem Speichermedium in das andere \u00fcbersetzten kann. Nachdem der Prototyp fertig war wollte der Kunde die M\u00f6glichkeit, die Daten zwischen zu speichern und dann wollte er die Daten auch noch editieren. Ein sch\u00f6nes Projekt!<\/p>\n<p>2.) Sp\u00e4ter habe ich durch mein soziales Engagement an einem weiteren sehr interessanten Projekt arbeiten k\u00f6nnen. Es ging im Ein- und Ausgabeeinheiten von Computerterminals f\u00fcr Blinde und Sehschwache. Die Braillezeile ist bekannt, gekoppelt mit akustischen Signalen und mit der entsprechenden Programmierung konnte so der Zugang f\u00fcr Menschen zum Computer geschaffen werden. Von der Industrie wurden und werden Menschen mit Einschr\u00e4nkungen weitgehend nicht ber\u00fccksichtigt.<\/p>\n<p>3.) Noch ein Beispiel; Im Bereich der Umweltmessungen wurde ein System ben\u00f6tigt welches relativ autark Messdaten erfassen, sammeln, auswerten und an einen zentralen Server schicken kann. Speziell ging es um das Erfassen von L\u00e4rm im industriellen Umfeld und die Visualisierung der Daten \u00fcber ein Intranet und entsprechende Clientprogramme zur weiteren Analyse der Daten. Bei diesem Projekt war die Schnelligkeit der Daten\u00fcbertragung und der Kalkulation sehr wichtig. Die Darstellung gro\u00dfer Datenmengen mit sehr hoher Aufl\u00f6sung und Dichte machten eine sehr spezielle grafische Aufarbeitung notwendig.<br \/>\n4.) Ein Extrabeispiel und etwas aus der Art geschlagen<\/p>\n<pre class=\"\">\r\n++++++++++\r\n [\r\n  >+++++++>++++++++++>+++>+<<<<-\r\n ]\r\n >++.\r\n >+.\r\n +++++++.\r\n .\r\n +++.\r\n >++.\r\n <<+++++++++++++++.\r\n >.\r\n +++.\r\n ------.\r\n --------.\r\n >+.\r\n >.\r\n +++.\r\n<\/pre>\n<p>Also das ist jetzt nat\u00fcrlich ein etwas extremes Beispiel. Esotherische Programmiersprachen sind ein Hobby.<\/p>\n<p>Vorl\u00e4ufiges Ende.<\/p>\n<p><!-- Ende --><\/p>\n","protected":false},"excerpt":{"rendered":"<p>Ich liste jetzt erst einmal die Programmiersprachen auf, mit deren Hilfe ich bisher verschiedene Softwareprojekte realisiert habe. Mikrocontroller 80c51; Assembler, Pascal, ANSI-C AVR-Risc; Assembler, ANSI-C Arduino (div) PC-Systeme (unter DOS, Windows, Linux) Assembler, ANSI-C, C++, C# Perl, PHP Web Perl, PHP auch (HTML4, HTML5, CSS) obwohl das keine Programmiersprachen sind \ud83d\ude42 Datenbanken SQL und Derivate [&hellip;]<\/p>\n","protected":false},"author":1,"featured_media":0,"parent":32,"menu_order":1,"comment_status":"closed","ping_status":"open","template":"","meta":[],"_links":{"self":[{"href":"http:\/\/www.projekt-deine-zukunft.de\/index.php?rest_route=\/wp\/v2\/pages\/242"}],"collection":[{"href":"http:\/\/www.projekt-deine-zukunft.de\/index.php?rest_route=\/wp\/v2\/pages"}],"about":[{"href":"http:\/\/www.projekt-deine-zukunft.de\/index.php?rest_route=\/wp\/v2\/types\/page"}],"author":[{"embeddable":true,"href":"http:\/\/www.projekt-deine-zukunft.de\/index.php?rest_route=\/wp\/v2\/users\/1"}],"replies":[{"embeddable":true,"href":"http:\/\/www.projekt-deine-zukunft.de\/index.php?rest_route=%2Fwp%2Fv2%2Fcomments&post=242"}],"version-history":[{"count":17,"href":"http:\/\/www.projekt-deine-zukunft.de\/index.php?rest_route=\/wp\/v2\/pages\/242\/revisions"}],"predecessor-version":[{"id":359,"href":"http:\/\/www.projekt-deine-zukunft.de\/index.php?rest_route=\/wp\/v2\/pages\/242\/revisions\/359"}],"up":[{"embeddable":true,"href":"http:\/\/www.projekt-deine-zukunft.de\/index.php?rest_route=\/wp\/v2\/pages\/32"}],"wp:attachment":[{"href":"http:\/\/www.projekt-deine-zukunft.de\/index.php?rest_route=%2Fwp%2Fv2%2Fmedia&parent=242"}],"curies":[{"name":"wp","href":"https:\/\/api.w.org\/{rel}","templated":true}]}}