{"id":258,"date":"2013-08-19T19:35:44","date_gmt":"2013-08-19T17:35:44","guid":{"rendered":"http:\/\/www.projekt-deine-zukunft.de\/?page_id=258"},"modified":"2013-08-19T19:53:26","modified_gmt":"2013-08-19T17:53:26","slug":"sicherheit","status":"publish","type":"page","link":"http:\/\/www.projekt-deine-zukunft.de\/?page_id=258","title":{"rendered":"Sicherheit&#8230;"},"content":{"rendered":"<p>Vor nicht allzu langer Zeit dachten viele Leute; <i>Ich hab nichts zu verbergen, sollen die Schlapph\u00fcte doch Daten sammeln. Von mir bekommen sie ohnehin nicht interessantes.<\/i><\/p>\n<p>Heute hat sich das bei den meisten Menschen grundlegend ge\u00e4ndert. Es gibt M\u00fclleimer die per WLAN Bewegungprofilge von Passanten erfassen. Es gibt Datenbrillen die Fotos und Videos direkt ins Internet laden, ohne das die Menschen etwas merken. Beim Tanken und im Supermarkt wird genau erfasst wer, wann und was kauft und wie es bezahlt wird. Die Apotheken sammeln Rezeptdaten, die Rechenzentren verkaufen diese an Pharmakonzerne usw.<\/p>\n<p>Also um das klar zu stellen, ich bin absolut technikaffine! Auf keinen Fall m\u00f6chte ich auf die ganzen kleinen Helferlein verzichten. Und ich besch\u00e4ftige mich auch mit der Entwicklung von Ger\u00e4ten und Systemen die f\u00fcr solche Dinge missbrauchen kann.<\/p>\n<p>Seit der Mensch das Feuer in den Griff bekommen hat, hat er es auch gegen seinesgleichen eingesetzt. Jeder Stein und jeder Kn\u00fcppel kann f\u00fcr n\u00fctzliche Dinge und f\u00fcr problematische Dinge benutzt werden. Also liegt es an uns wie wir diese Dinge einsetzen.<\/p>\n<p>Wie gehen wir also mit unseren Daten um?<br \/>\nNat\u00fcrlich kann man seine Daten verschl\u00fcsseln. Das ist auch ein erster sinnvoller Schritt. Nur sollte man dabei auch auf einige Details achten. So gibt es zum Beispiel verschiedene Programme f\u00fcr die Verschl\u00fcsselung von E-Mails. Einige L\u00f6sungen werde direkt vom Provider angeboten andere kann man lokal auf dem PC installieren.<\/p>\n<p>Fall 1: Wir nutzen die L\u00f6sung die unser Provider und anbietet. Aber Achtung, die Provider k\u00f6nnen gezwungen werden ihren Generalschl\u00fcssel an die Beh\u00f6rden zu \u00fcbergeben.<\/p>\n<p>Fall 2: Wir kaufen eine Sicherheitssoftware f\u00fcr unseren lokalen PC. Auch hier Achtung. Der Hersteller der Software (in diesem Fall speziell Closed Source Software) wird gezwungen Hintert\u00fcren in die Software einzubauen und\/oder die Verschl\u00fcsselung nicht so stark zu machen. Au\u00dferdem haben Beh\u00f6rden die M\u00f6glichkeit den Computer abzuh\u00f6ren, so das die Daten vor dem verschl\u00fcsseln schon an die Beh\u00f6rde \u00fcbertragen werden kann.<\/p>\n<p>Fall 3: Alles gut verschl\u00fcsselt&#8230; Nun ist es so das die verschl\u00fcsselten Daten pauschal gespeichert werden um eventuell in der Zukunft entschl\u00fcsselt zu werden.<\/p>\n<p>F\u00fcr all diese Szenarien gibt es zahlreiche Beispiele, in der j\u00fcngsten Zeit gingen all diese Dinge durch die Medien. Also so ist die Wirklichkeit und es ist Realit\u00e4t. Georg Orwell mit &#8220;1984&#8221; w\u00fcrde blass vor Neid.<\/p>\n","protected":false},"excerpt":{"rendered":"<p>Vor nicht allzu langer Zeit dachten viele Leute; Ich hab nichts zu verbergen, sollen die Schlapph\u00fcte doch Daten sammeln. Von mir bekommen sie ohnehin nicht interessantes. Heute hat sich das bei den meisten Menschen grundlegend ge\u00e4ndert. Es gibt M\u00fclleimer die per WLAN Bewegungprofilge von Passanten erfassen. Es gibt Datenbrillen die Fotos und Videos direkt ins [&hellip;]<\/p>\n","protected":false},"author":1,"featured_media":0,"parent":32,"menu_order":2,"comment_status":"closed","ping_status":"open","template":"","meta":[],"_links":{"self":[{"href":"http:\/\/www.projekt-deine-zukunft.de\/index.php?rest_route=\/wp\/v2\/pages\/258"}],"collection":[{"href":"http:\/\/www.projekt-deine-zukunft.de\/index.php?rest_route=\/wp\/v2\/pages"}],"about":[{"href":"http:\/\/www.projekt-deine-zukunft.de\/index.php?rest_route=\/wp\/v2\/types\/page"}],"author":[{"embeddable":true,"href":"http:\/\/www.projekt-deine-zukunft.de\/index.php?rest_route=\/wp\/v2\/users\/1"}],"replies":[{"embeddable":true,"href":"http:\/\/www.projekt-deine-zukunft.de\/index.php?rest_route=%2Fwp%2Fv2%2Fcomments&post=258"}],"version-history":[{"count":3,"href":"http:\/\/www.projekt-deine-zukunft.de\/index.php?rest_route=\/wp\/v2\/pages\/258\/revisions"}],"predecessor-version":[{"id":262,"href":"http:\/\/www.projekt-deine-zukunft.de\/index.php?rest_route=\/wp\/v2\/pages\/258\/revisions\/262"}],"up":[{"embeddable":true,"href":"http:\/\/www.projekt-deine-zukunft.de\/index.php?rest_route=\/wp\/v2\/pages\/32"}],"wp:attachment":[{"href":"http:\/\/www.projekt-deine-zukunft.de\/index.php?rest_route=%2Fwp%2Fv2%2Fmedia&parent=258"}],"curies":[{"name":"wp","href":"https:\/\/api.w.org\/{rel}","templated":true}]}}