{"id":32,"date":"2012-01-19T18:26:21","date_gmt":"2012-01-19T17:26:21","guid":{"rendered":"http:\/\/www.projekt-deine-zukunft.de\/?page_id=32"},"modified":"2013-08-19T21:30:56","modified_gmt":"2013-08-19T19:30:56","slug":"software","status":"publish","type":"page","link":"http:\/\/www.projekt-deine-zukunft.de\/?page_id=32","title":{"rendered":"Software"},"content":{"rendered":"<p>Diese Thema wird wohl etwas umfangreicher.<br \/>\nEinmal m\u00f6chte ich hier Informationen zu Software auflisten und dann einige Beitr\u00e4ge \u00fcber Softwareentwicklung zusammenstellen.<\/p>\n<p>Sowohl bei der eigenen Entwicklung von Software als auch bei fertigen Produkten setzte ich haupts\u00e4chlich auf freie Software. Das ist f\u00fcr mich mehr als ein Trend und ich sehe darin noch viel Potential.<\/p>\n<p>Innerhalb dieser Bereiche werde ich mich auch mit der Freiheit von Inhalten, der Freiheit von Informationen und der Freiheit des Internets besch\u00e4ftigen. Gerade dieses Thema ist f\u00fcr mich eines der wichtigsten und wegweisend f\u00fcr die Zukunft.<\/p>\n<p>Au\u00dferdem werde ich hier auch einige Informationen zum Thema Sicherheit im IT Bereich sammeln. Darunter will ich sowohl zeigen, wie Daten verschl\u00fcsselt werden k\u00f6nnen, als auch wie man die Verschl\u00fcsselung erkennt und ggf. aufbrechen kann. Weiter zeige ich einige Wege, Daten zu verstecken und versteckte Daten wieder sichtbar zu machen.<\/p>\n<p>Nur wer versteht wie Datensicherheit funktioniert, kann einsch\u00e4tzen ob seine Daten sicher sind und kann das auch \u00fcberpr\u00fcfen.<\/p>\n<p>Da in unserer Welt leider die Unschuldsvermutung abgeschafft wurde, ist es wichtig, sich mit den entsprechenden Werkzeugen auszukennen. Ich selbst bin ein absoluter Technikfan. Ich finde es gut, \u00fcberall und immer auf wichtige Daten zugreifen zu k\u00f6nnen und ich will nicht in die Computersteinzeit zur\u00fcck. Aber ich entscheide, welche Daten von mir im Umlauf sind. Ein kleiner Tipp vorab: &#8220;Die Daten, die von mir im Netz unterwegs sind, w\u00fcrde ich auch einem Fremden auf der Strasse erz\u00e4hlen&#8221;.<\/p>\n<p>&nbsp;<\/p>\n","protected":false},"excerpt":{"rendered":"<p>Diese Thema wird wohl etwas umfangreicher. Einmal m\u00f6chte ich hier Informationen zu Software auflisten und dann einige Beitr\u00e4ge \u00fcber Softwareentwicklung zusammenstellen. Sowohl bei der eigenen Entwicklung von Software als auch bei fertigen Produkten setzte ich haupts\u00e4chlich auf freie Software. Das ist f\u00fcr mich mehr als ein Trend und ich sehe darin noch viel Potential. Innerhalb [&hellip;]<\/p>\n","protected":false},"author":1,"featured_media":0,"parent":0,"menu_order":2,"comment_status":"closed","ping_status":"open","template":"","meta":[],"_links":{"self":[{"href":"http:\/\/www.projekt-deine-zukunft.de\/index.php?rest_route=\/wp\/v2\/pages\/32"}],"collection":[{"href":"http:\/\/www.projekt-deine-zukunft.de\/index.php?rest_route=\/wp\/v2\/pages"}],"about":[{"href":"http:\/\/www.projekt-deine-zukunft.de\/index.php?rest_route=\/wp\/v2\/types\/page"}],"author":[{"embeddable":true,"href":"http:\/\/www.projekt-deine-zukunft.de\/index.php?rest_route=\/wp\/v2\/users\/1"}],"replies":[{"embeddable":true,"href":"http:\/\/www.projekt-deine-zukunft.de\/index.php?rest_route=%2Fwp%2Fv2%2Fcomments&post=32"}],"version-history":[{"count":12,"href":"http:\/\/www.projekt-deine-zukunft.de\/index.php?rest_route=\/wp\/v2\/pages\/32\/revisions"}],"predecessor-version":[{"id":265,"href":"http:\/\/www.projekt-deine-zukunft.de\/index.php?rest_route=\/wp\/v2\/pages\/32\/revisions\/265"}],"wp:attachment":[{"href":"http:\/\/www.projekt-deine-zukunft.de\/index.php?rest_route=%2Fwp%2Fv2%2Fmedia&parent=32"}],"curies":[{"name":"wp","href":"https:\/\/api.w.org\/{rel}","templated":true}]}}