{"id":34,"date":"2012-01-19T18:26:44","date_gmt":"2012-01-19T17:26:44","guid":{"rendered":"http:\/\/www.projekt-deine-zukunft.de\/?page_id=34"},"modified":"2012-01-20T19:39:10","modified_gmt":"2012-01-20T18:39:10","slug":"mikrocontroller","status":"publish","type":"page","link":"http:\/\/www.projekt-deine-zukunft.de\/?page_id=34","title":{"rendered":"Mikrocontroller"},"content":{"rendered":"<p>Durch meine langj\u00e4hrige Erfahrung im Bereich Mikrocontroller m\u00f6chte ich mein Wissen und meine Erfahrungen hier mit anderen teilen.<\/p>\n<p>Eine (unvollst\u00e4ndige) Liste:<\/p>\n<ul>\n<li>MOS-6502<\/li>\n<li>Z80<\/li>\n<li>8031 \/ 8051 \/ 8052<\/li>\n<li>PIC16x<\/li>\n<li>PIC24x<\/li>\n<li>ATtiny<\/li>\n<li>ATMega<\/li>\n<li>Fujitsu MB90xxx<\/li>\n<li>Fujitsu FR<\/li>\n<li>&#8230;<\/li>\n<\/ul>\n","protected":false},"excerpt":{"rendered":"<p>Durch meine langj\u00e4hrige Erfahrung im Bereich Mikrocontroller m\u00f6chte ich mein Wissen und meine Erfahrungen hier mit anderen teilen. Eine (unvollst\u00e4ndige) Liste: MOS-6502 Z80 8031 \/ 8051 \/ 8052 PIC16x PIC24x ATtiny ATMega Fujitsu MB90xxx Fujitsu FR &#8230;<\/p>\n","protected":false},"author":1,"featured_media":0,"parent":0,"menu_order":3,"comment_status":"closed","ping_status":"open","template":"","meta":[],"_links":{"self":[{"href":"http:\/\/www.projekt-deine-zukunft.de\/index.php?rest_route=\/wp\/v2\/pages\/34"}],"collection":[{"href":"http:\/\/www.projekt-deine-zukunft.de\/index.php?rest_route=\/wp\/v2\/pages"}],"about":[{"href":"http:\/\/www.projekt-deine-zukunft.de\/index.php?rest_route=\/wp\/v2\/types\/page"}],"author":[{"embeddable":true,"href":"http:\/\/www.projekt-deine-zukunft.de\/index.php?rest_route=\/wp\/v2\/users\/1"}],"replies":[{"embeddable":true,"href":"http:\/\/www.projekt-deine-zukunft.de\/index.php?rest_route=%2Fwp%2Fv2%2Fcomments&post=34"}],"version-history":[{"count":6,"href":"http:\/\/www.projekt-deine-zukunft.de\/index.php?rest_route=\/wp\/v2\/pages\/34\/revisions"}],"predecessor-version":[{"id":61,"href":"http:\/\/www.projekt-deine-zukunft.de\/index.php?rest_route=\/wp\/v2\/pages\/34\/revisions\/61"}],"wp:attachment":[{"href":"http:\/\/www.projekt-deine-zukunft.de\/index.php?rest_route=%2Fwp%2Fv2%2Fmedia&parent=34"}],"curies":[{"name":"wp","href":"https:\/\/api.w.org\/{rel}","templated":true}]}}