{"id":36,"date":"2012-01-19T18:26:32","date_gmt":"2012-01-19T17:26:32","guid":{"rendered":"http:\/\/www.projekt-deine-zukunft.de\/?page_id=36"},"modified":"2012-11-24T15:42:54","modified_gmt":"2012-11-24T14:42:54","slug":"modellbahn","status":"publish","type":"page","link":"http:\/\/www.projekt-deine-zukunft.de\/?page_id=36","title":{"rendered":"Modellbahn"},"content":{"rendered":"<p>Ein immer wieder spannendes Vergn\u00fcgen und eine sch\u00f6ne Freizeitbesch\u00e4ftigung, die Modellbahn. Fast alle kleinen Jungs haben davon getr\u00e4umt und sich ihre Modellbahn gew\u00fcnscht. Viele haben diesen Wunsch irgendwann vergessen oder unterdr\u00fcckt.<\/p>\n<p>Ich habe innerhalb eines Modellbahn Klubs eine M\u00f6glichkeit f\u00fcr mich gefunden, diese Hobby wieder auszuleben. Deshalb nat\u00fcrlich hier der <a href=\"http:\/\/www.mekb.de\" target=\"_blank\">Link<\/a> zur Webseite des Klubs.<\/p>\n","protected":false},"excerpt":{"rendered":"<p>Ein immer wieder spannendes Vergn\u00fcgen und eine sch\u00f6ne Freizeitbesch\u00e4ftigung, die Modellbahn. Fast alle kleinen Jungs haben davon getr\u00e4umt und sich ihre Modellbahn gew\u00fcnscht. Viele haben diesen Wunsch irgendwann vergessen oder unterdr\u00fcckt. Ich habe innerhalb eines Modellbahn Klubs eine M\u00f6glichkeit f\u00fcr mich gefunden, diese Hobby wieder auszuleben. Deshalb nat\u00fcrlich hier der Link zur Webseite des Klubs.<\/p>\n","protected":false},"author":1,"featured_media":0,"parent":0,"menu_order":4,"comment_status":"closed","ping_status":"open","template":"","meta":[],"_links":{"self":[{"href":"http:\/\/www.projekt-deine-zukunft.de\/index.php?rest_route=\/wp\/v2\/pages\/36"}],"collection":[{"href":"http:\/\/www.projekt-deine-zukunft.de\/index.php?rest_route=\/wp\/v2\/pages"}],"about":[{"href":"http:\/\/www.projekt-deine-zukunft.de\/index.php?rest_route=\/wp\/v2\/types\/page"}],"author":[{"embeddable":true,"href":"http:\/\/www.projekt-deine-zukunft.de\/index.php?rest_route=\/wp\/v2\/users\/1"}],"replies":[{"embeddable":true,"href":"http:\/\/www.projekt-deine-zukunft.de\/index.php?rest_route=%2Fwp%2Fv2%2Fcomments&post=36"}],"version-history":[{"count":6,"href":"http:\/\/www.projekt-deine-zukunft.de\/index.php?rest_route=\/wp\/v2\/pages\/36\/revisions"}],"predecessor-version":[{"id":140,"href":"http:\/\/www.projekt-deine-zukunft.de\/index.php?rest_route=\/wp\/v2\/pages\/36\/revisions\/140"}],"wp:attachment":[{"href":"http:\/\/www.projekt-deine-zukunft.de\/index.php?rest_route=%2Fwp%2Fv2%2Fmedia&parent=36"}],"curies":[{"name":"wp","href":"https:\/\/api.w.org\/{rel}","templated":true}]}}